{"id":53,"date":"2024-03-25T11:33:24","date_gmt":"2024-03-25T10:33:24","guid":{"rendered":"https:\/\/massage-energetique-beaujolais.fr\/?page_id=53"},"modified":"2025-09-23T18:30:47","modified_gmt":"2025-09-23T16:30:47","slug":"praticienne","status":"publish","type":"page","link":"https:\/\/massage-energetique-beaujolais.fr\/index.php\/praticienne\/","title":{"rendered":"Qui suis-je ?"},"content":{"rendered":"\n<p>Install\u00e9e depuis plus de 15 ans dans le Beaujolais, je tiens une maison d&rsquo;h\u00f4tes \u00e0 <strong>Villi\u00e9-Morgon<\/strong>. Ce m\u00e9tier <strong>humainement <\/strong>passionnant m&rsquo;a donn\u00e9 envie de prendre soin des autres. C&rsquo;est la d\u00e9couverte du Qigong et de l&rsquo;\u00e9nerg\u00e9tique chinoise qui m&rsquo;a amen\u00e9e \u00e0 me former aux <strong>massages et techniques asiatiques<\/strong>. Entre autres, le <strong>massage chinois Tuina<\/strong>, le <strong>Amma Japonais<\/strong>, massage du ventre <strong>Chi-nei-tsang<\/strong>, le <strong>massage facio-cr\u00e2nien<\/strong>, la <strong>r\u00e9flexologie plantaire chinoise<\/strong>.<\/p>\n\n\n\n<p>Afin d&rsquo;aller plus loin dans le soin aux autres, j&rsquo;ai suivi une formation compl\u00e8te de deux ans en massage <strong>TUINA et Fondamentaux d&rsquo;Energ\u00e9tique Chinoise<\/strong> au Centre de Formation Tuina d&rsquo;Audrey Collot, \u00e0 Lyon Croix-Rousse. J&rsquo;ai approfondi par une formation d&rsquo;un an en acupuncture \u00e0 la Facult\u00e9 d&rsquo;Energ\u00e9tique Traditionnelle Chinoise (FLETC) \u00e0 Lyon. En effet, je suis convaincue que l&rsquo;on peut <strong>prendre soin de soi et de sa sant\u00e9<\/strong> par le biais des massages et de l&rsquo;\u00e9nerg\u00e9tique chinoise.<\/p>\n\n\n\n<div class=\"wp-block-media-text is-stacked-on-mobile is-vertically-aligned-center\" style=\"grid-template-columns:15% auto\"><figure class=\"wp-block-media-text__media\"><img loading=\"lazy\" decoding=\"async\" width=\"768\" height=\"1024\" src=\"https:\/\/massage-energetique-beaujolais.fr\/wp-content\/uploads\/2024\/12\/Virginie_DonduSang-768x1024.jpeg\" alt=\"\" class=\"wp-image-648 size-full\" srcset=\"https:\/\/massage-energetique-beaujolais.fr\/wp-content\/uploads\/2024\/12\/Virginie_DonduSang-768x1024.jpeg 768w, https:\/\/massage-energetique-beaujolais.fr\/wp-content\/uploads\/2024\/12\/Virginie_DonduSang-225x300.jpeg 225w, https:\/\/massage-energetique-beaujolais.fr\/wp-content\/uploads\/2024\/12\/Virginie_DonduSang-45x60.jpeg 45w, https:\/\/massage-energetique-beaujolais.fr\/wp-content\/uploads\/2024\/12\/Virginie_DonduSang.jpeg 900w\" sizes=\"auto, (max-width: 768px) 100vw, 768px\" \/><\/figure><div class=\"wp-block-media-text__content\">\n<p>J&rsquo;interviens \u00e9galement b\u00e9n\u00e9volement en tant que praticienne Tuina sur des missions de d\u00e9couverte du massage traditionnel chinois. Comme ici au Don du Sang sur le campus de la Doua \u00e0 Villeurbanne, ou \u00e9galement \u00e0 des portes ouvertes aupr\u00e8s de diverses associations.<\/p>\n<\/div><\/div>\n\n\n\n<p><\/p>\n\n\n\n<p><\/p>\n\n\n\n<p>\u00c0 l&rsquo;\u00e9coute de chacun, je m&rsquo;adapte \u00e0 vos besoins pour avancer ensemble vers le <strong>mieux-\u00eatre<\/strong>.<\/p>\n\n\n\n<p>N&rsquo;h\u00e9sitez pas \u00e0 me <a href=\"https:\/\/massage-energetique-beaujolais.fr\/index.php\/contact\/\">contacter<\/a> pour toute interrogation ou renseignement et prise de RDV.<\/p>\n\n\n\n<p>A bient\u00f4t !<\/p>\n\n\n<div class=\"wp-block-image is-style-rounded\">\n<figure class=\"alignleft size-large is-resized\"><img loading=\"lazy\" decoding=\"async\" width=\"900\" height=\"1024\" src=\"https:\/\/massage-energetique-beaujolais.fr\/wp-content\/uploads\/2024\/09\/virg-1-900x1024.jpg\" alt=\"\" class=\"wp-image-604\" style=\"object-fit:cover;width:235px;height:auto\" srcset=\"https:\/\/massage-energetique-beaujolais.fr\/wp-content\/uploads\/2024\/09\/virg-1-900x1024.jpg 900w, https:\/\/massage-energetique-beaujolais.fr\/wp-content\/uploads\/2024\/09\/virg-1-264x300.jpg 264w, https:\/\/massage-energetique-beaujolais.fr\/wp-content\/uploads\/2024\/09\/virg-1-768x874.jpg 768w, https:\/\/massage-energetique-beaujolais.fr\/wp-content\/uploads\/2024\/09\/virg-1-53x60.jpg 53w, https:\/\/massage-energetique-beaujolais.fr\/wp-content\/uploads\/2024\/09\/virg-1.jpg 919w\" sizes=\"auto, (max-width: 900px) 100vw, 900px\" \/><figcaption class=\"wp-element-caption\">Virginie, praticienne de soins bien-\u00eatre    et \u00e9nerg\u00e9tiques<\/figcaption><\/figure>\n<\/div>\n\n\n<div class=\"wp-block-group is-content-justification-right is-nowrap is-layout-flex wp-container-core-group-is-layout-fd526d70 wp-block-group-is-layout-flex\">\n<figure class=\"wp-block-image size-large is-resized\"><img loading=\"lazy\" decoding=\"async\" width=\"1024\" height=\"769\" src=\"https:\/\/massage-energetique-beaujolais.fr\/wp-content\/uploads\/2024\/05\/espace_massage-2-1024x769.jpg\" alt=\"espace de soins\" class=\"wp-image-442\" style=\"width:auto;height:400px\" srcset=\"https:\/\/massage-energetique-beaujolais.fr\/wp-content\/uploads\/2024\/05\/espace_massage-2-1024x769.jpg 1024w, https:\/\/massage-energetique-beaujolais.fr\/wp-content\/uploads\/2024\/05\/espace_massage-2-300x225.jpg 300w, https:\/\/massage-energetique-beaujolais.fr\/wp-content\/uploads\/2024\/05\/espace_massage-2-768x577.jpg 768w, https:\/\/massage-energetique-beaujolais.fr\/wp-content\/uploads\/2024\/05\/espace_massage-2-1536x1154.jpg 1536w, https:\/\/massage-energetique-beaujolais.fr\/wp-content\/uploads\/2024\/05\/espace_massage-2-2048x1538.jpg 2048w, https:\/\/massage-energetique-beaujolais.fr\/wp-content\/uploads\/2024\/05\/espace_massage-2-80x60.jpg 80w, https:\/\/massage-energetique-beaujolais.fr\/wp-content\/uploads\/2024\/05\/espace_massage-2-640x480.jpg 640w, https:\/\/massage-energetique-beaujolais.fr\/wp-content\/uploads\/2024\/05\/espace_massage-2-110x83.jpg 110w\" sizes=\"auto, (max-width: 1024px) 100vw, 1024px\" \/><\/figure>\n<\/div>\n\n\n\n<div class=\"wp-block-group is-horizontal is-content-justification-left is-nowrap is-layout-flex wp-container-core-group-is-layout-531651d8 wp-block-group-is-layout-flex\">\n<div class=\"wp-block-columns is-layout-flex wp-container-core-columns-is-layout-9d6595d7 wp-block-columns-is-layout-flex\">\n<div class=\"wp-block-column is-layout-flow wp-block-column-is-layout-flow\" style=\"flex-basis:33.33%\"><\/div>\n\n\n\n<div class=\"wp-block-column is-vertically-aligned-stretch is-layout-flow wp-block-column-is-layout-flow\" style=\"flex-basis:33.34%\"><\/div>\n<\/div>\n<\/div>\n","protected":false},"excerpt":{"rendered":"<p>Install\u00e9e depuis plus de 15 ans dans le Beaujolais, je tiens une maison d&rsquo;h\u00f4tes \u00e0 &hellip; <\/p>\n","protected":false},"author":1,"featured_media":0,"parent":0,"menu_order":0,"comment_status":"closed","ping_status":"closed","template":"","meta":{"footnotes":""},"class_list":["post-53","page","type-page","status-publish","hentry"],"yoast_head":"<!-- This site is optimized with the Yoast SEO plugin v27.4 - https:\/\/yoast.com\/product\/yoast-seo-wordpress\/ -->\n<title>Qui suis-je ? - Praticienne Massage bien-\u00eatre et \u00c9nerg\u00e9tique<\/title>\n<meta name=\"description\" content=\"L&#039;Humain au c\u0153ur du Soin, la praticienne de soins bien-\u00eatre et \u00e9nerg\u00e9tiques \u00e0 l&#039;\u00e9coute de chacun pour avancer vers le mieux-\u00eatre.\" \/>\n<meta name=\"robots\" content=\"index, follow, max-snippet:-1, max-image-preview:large, max-video-preview:-1\" \/>\n<link rel=\"canonical\" href=\"https:\/\/massage-energetique-beaujolais.fr\/index.php\/praticienne\/\" \/>\n<meta property=\"og:locale\" content=\"fr_FR\" \/>\n<meta property=\"og:type\" content=\"article\" \/>\n<meta property=\"og:title\" content=\"Qui suis-je ? - Praticienne Massage bien-\u00eatre et \u00c9nerg\u00e9tique\" \/>\n<meta property=\"og:description\" content=\"L&#039;Humain au c\u0153ur du Soin, la praticienne de soins bien-\u00eatre et \u00e9nerg\u00e9tiques \u00e0 l&#039;\u00e9coute de chacun pour avancer vers le mieux-\u00eatre.\" \/>\n<meta property=\"og:url\" content=\"https:\/\/massage-energetique-beaujolais.fr\/index.php\/praticienne\/\" \/>\n<meta property=\"og:site_name\" content=\"Massage bien-\u00eatre et \u00c9nerg\u00e9tique\" \/>\n<meta property=\"article:modified_time\" content=\"2025-09-23T16:30:47+00:00\" \/>\n<meta property=\"og:image\" content=\"https:\/\/massage-energetique-beaujolais.fr\/wp-content\/uploads\/2024\/12\/Virginie_DonduSang.jpeg\" \/>\n\t<meta property=\"og:image:width\" content=\"900\" \/>\n\t<meta property=\"og:image:height\" content=\"1200\" \/>\n\t<meta property=\"og:image:type\" content=\"image\/jpeg\" \/>\n<meta name=\"twitter:card\" content=\"summary_large_image\" \/>\n<meta name=\"twitter:label1\" content=\"Dur\u00e9e de lecture estim\u00e9e\" \/>\n\t<meta name=\"twitter:data1\" content=\"2 minutes\" \/>\n<script type=\"application\/ld+json\" class=\"yoast-schema-graph\">{\"@context\":\"https:\\\/\\\/schema.org\",\"@graph\":[{\"@type\":\"WebPage\",\"@id\":\"https:\\\/\\\/massage-energetique-beaujolais.fr\\\/index.php\\\/praticienne\\\/\",\"url\":\"https:\\\/\\\/massage-energetique-beaujolais.fr\\\/index.php\\\/praticienne\\\/\",\"name\":\"Qui suis-je ? - Praticienne Massage bien-\u00eatre et \u00c9nerg\u00e9tique\",\"isPartOf\":{\"@id\":\"https:\\\/\\\/massage-energetique-beaujolais.fr\\\/#website\"},\"primaryImageOfPage\":{\"@id\":\"https:\\\/\\\/massage-energetique-beaujolais.fr\\\/index.php\\\/praticienne\\\/#primaryimage\"},\"image\":{\"@id\":\"https:\\\/\\\/massage-energetique-beaujolais.fr\\\/index.php\\\/praticienne\\\/#primaryimage\"},\"thumbnailUrl\":\"https:\\\/\\\/massage-energetique-beaujolais.fr\\\/wp-content\\\/uploads\\\/2024\\\/12\\\/Virginie_DonduSang-768x1024.jpeg\",\"datePublished\":\"2024-03-25T10:33:24+00:00\",\"dateModified\":\"2025-09-23T16:30:47+00:00\",\"description\":\"L'Humain au c\u0153ur du Soin, la praticienne de soins bien-\u00eatre et \u00e9nerg\u00e9tiques \u00e0 l'\u00e9coute de chacun pour avancer vers le mieux-\u00eatre.\",\"breadcrumb\":{\"@id\":\"https:\\\/\\\/massage-energetique-beaujolais.fr\\\/index.php\\\/praticienne\\\/#breadcrumb\"},\"inLanguage\":\"fr-FR\",\"potentialAction\":[{\"@type\":\"ReadAction\",\"target\":[\"https:\\\/\\\/massage-energetique-beaujolais.fr\\\/index.php\\\/praticienne\\\/\"]}]},{\"@type\":\"ImageObject\",\"inLanguage\":\"fr-FR\",\"@id\":\"https:\\\/\\\/massage-energetique-beaujolais.fr\\\/index.php\\\/praticienne\\\/#primaryimage\",\"url\":\"https:\\\/\\\/massage-energetique-beaujolais.fr\\\/wp-content\\\/uploads\\\/2024\\\/12\\\/Virginie_DonduSang.jpeg\",\"contentUrl\":\"https:\\\/\\\/massage-energetique-beaujolais.fr\\\/wp-content\\\/uploads\\\/2024\\\/12\\\/Virginie_DonduSang.jpeg\",\"width\":900,\"height\":1200,\"caption\":\"massage DonduSang\"},{\"@type\":\"BreadcrumbList\",\"@id\":\"https:\\\/\\\/massage-energetique-beaujolais.fr\\\/index.php\\\/praticienne\\\/#breadcrumb\",\"itemListElement\":[{\"@type\":\"ListItem\",\"position\":1,\"name\":\"Accueil\",\"item\":\"https:\\\/\\\/massage-energetique-beaujolais.fr\\\/\"},{\"@type\":\"ListItem\",\"position\":2,\"name\":\"Qui suis-je ?\"}]},{\"@type\":\"WebSite\",\"@id\":\"https:\\\/\\\/massage-energetique-beaujolais.fr\\\/#website\",\"url\":\"https:\\\/\\\/massage-energetique-beaujolais.fr\\\/\",\"name\":\"Massage bien-\u00eatre et Energ\u00e9tique\",\"description\":\"Soins \u00e0 Villi\u00e9-Morgon en plein coeur du  Beaujolais, proche Belleville sur Sa\u00f4ne, Villefranche, M\u00e2con\",\"publisher\":{\"@id\":\"https:\\\/\\\/massage-energetique-beaujolais.fr\\\/#organization\"},\"potentialAction\":[{\"@type\":\"SearchAction\",\"target\":{\"@type\":\"EntryPoint\",\"urlTemplate\":\"https:\\\/\\\/massage-energetique-beaujolais.fr\\\/?s={search_term_string}\"},\"query-input\":{\"@type\":\"PropertyValueSpecification\",\"valueRequired\":true,\"valueName\":\"search_term_string\"}}],\"inLanguage\":\"fr-FR\"},{\"@type\":\"Organization\",\"@id\":\"https:\\\/\\\/massage-energetique-beaujolais.fr\\\/#organization\",\"name\":\"Massage bien-\u00eatre et Energ\u00e9tique\",\"url\":\"https:\\\/\\\/massage-energetique-beaujolais.fr\\\/\",\"logo\":{\"@type\":\"ImageObject\",\"inLanguage\":\"fr-FR\",\"@id\":\"https:\\\/\\\/massage-energetique-beaujolais.fr\\\/#\\\/schema\\\/logo\\\/image\\\/\",\"url\":\"https:\\\/\\\/massage-energetique-beaujolais.fr\\\/wp-content\\\/uploads\\\/2024\\\/03\\\/cropped-logo-NRGTic-100x100-1.png\",\"contentUrl\":\"https:\\\/\\\/massage-energetique-beaujolais.fr\\\/wp-content\\\/uploads\\\/2024\\\/03\\\/cropped-logo-NRGTic-100x100-1.png\",\"width\":89,\"height\":87,\"caption\":\"Massage bien-\u00eatre et Energ\u00e9tique\"},\"image\":{\"@id\":\"https:\\\/\\\/massage-energetique-beaujolais.fr\\\/#\\\/schema\\\/logo\\\/image\\\/\"}}]}<\/script>\n<!-- \/ Yoast SEO plugin. -->","yoast_head_json":{"title":"Qui suis-je ? - Praticienne Massage bien-\u00eatre et \u00c9nerg\u00e9tique","description":"L'Humain au c\u0153ur du Soin, la praticienne de soins bien-\u00eatre et \u00e9nerg\u00e9tiques \u00e0 l'\u00e9coute de chacun pour avancer vers le mieux-\u00eatre.","robots":{"index":"index","follow":"follow","max-snippet":"max-snippet:-1","max-image-preview":"max-image-preview:large","max-video-preview":"max-video-preview:-1"},"canonical":"https:\/\/massage-energetique-beaujolais.fr\/index.php\/praticienne\/","og_locale":"fr_FR","og_type":"article","og_title":"Qui suis-je ? - Praticienne Massage bien-\u00eatre et \u00c9nerg\u00e9tique","og_description":"L'Humain au c\u0153ur du Soin, la praticienne de soins bien-\u00eatre et \u00e9nerg\u00e9tiques \u00e0 l'\u00e9coute de chacun pour avancer vers le mieux-\u00eatre.","og_url":"https:\/\/massage-energetique-beaujolais.fr\/index.php\/praticienne\/","og_site_name":"Massage bien-\u00eatre et \u00c9nerg\u00e9tique","article_modified_time":"2025-09-23T16:30:47+00:00","og_image":[{"width":900,"height":1200,"url":"https:\/\/massage-energetique-beaujolais.fr\/wp-content\/uploads\/2024\/12\/Virginie_DonduSang.jpeg","type":"image\/jpeg"}],"twitter_card":"summary_large_image","twitter_misc":{"Dur\u00e9e de lecture estim\u00e9e":"2 minutes"},"schema":{"@context":"https:\/\/schema.org","@graph":[{"@type":"WebPage","@id":"https:\/\/massage-energetique-beaujolais.fr\/index.php\/praticienne\/","url":"https:\/\/massage-energetique-beaujolais.fr\/index.php\/praticienne\/","name":"Qui suis-je ? - Praticienne Massage bien-\u00eatre et \u00c9nerg\u00e9tique","isPartOf":{"@id":"https:\/\/massage-energetique-beaujolais.fr\/#website"},"primaryImageOfPage":{"@id":"https:\/\/massage-energetique-beaujolais.fr\/index.php\/praticienne\/#primaryimage"},"image":{"@id":"https:\/\/massage-energetique-beaujolais.fr\/index.php\/praticienne\/#primaryimage"},"thumbnailUrl":"https:\/\/massage-energetique-beaujolais.fr\/wp-content\/uploads\/2024\/12\/Virginie_DonduSang-768x1024.jpeg","datePublished":"2024-03-25T10:33:24+00:00","dateModified":"2025-09-23T16:30:47+00:00","description":"L'Humain au c\u0153ur du Soin, la praticienne de soins bien-\u00eatre et \u00e9nerg\u00e9tiques \u00e0 l'\u00e9coute de chacun pour avancer vers le mieux-\u00eatre.","breadcrumb":{"@id":"https:\/\/massage-energetique-beaujolais.fr\/index.php\/praticienne\/#breadcrumb"},"inLanguage":"fr-FR","potentialAction":[{"@type":"ReadAction","target":["https:\/\/massage-energetique-beaujolais.fr\/index.php\/praticienne\/"]}]},{"@type":"ImageObject","inLanguage":"fr-FR","@id":"https:\/\/massage-energetique-beaujolais.fr\/index.php\/praticienne\/#primaryimage","url":"https:\/\/massage-energetique-beaujolais.fr\/wp-content\/uploads\/2024\/12\/Virginie_DonduSang.jpeg","contentUrl":"https:\/\/massage-energetique-beaujolais.fr\/wp-content\/uploads\/2024\/12\/Virginie_DonduSang.jpeg","width":900,"height":1200,"caption":"massage DonduSang"},{"@type":"BreadcrumbList","@id":"https:\/\/massage-energetique-beaujolais.fr\/index.php\/praticienne\/#breadcrumb","itemListElement":[{"@type":"ListItem","position":1,"name":"Accueil","item":"https:\/\/massage-energetique-beaujolais.fr\/"},{"@type":"ListItem","position":2,"name":"Qui suis-je ?"}]},{"@type":"WebSite","@id":"https:\/\/massage-energetique-beaujolais.fr\/#website","url":"https:\/\/massage-energetique-beaujolais.fr\/","name":"Massage bien-\u00eatre et Energ\u00e9tique","description":"Soins \u00e0 Villi\u00e9-Morgon en plein coeur du  Beaujolais, proche Belleville sur Sa\u00f4ne, Villefranche, M\u00e2con","publisher":{"@id":"https:\/\/massage-energetique-beaujolais.fr\/#organization"},"potentialAction":[{"@type":"SearchAction","target":{"@type":"EntryPoint","urlTemplate":"https:\/\/massage-energetique-beaujolais.fr\/?s={search_term_string}"},"query-input":{"@type":"PropertyValueSpecification","valueRequired":true,"valueName":"search_term_string"}}],"inLanguage":"fr-FR"},{"@type":"Organization","@id":"https:\/\/massage-energetique-beaujolais.fr\/#organization","name":"Massage bien-\u00eatre et Energ\u00e9tique","url":"https:\/\/massage-energetique-beaujolais.fr\/","logo":{"@type":"ImageObject","inLanguage":"fr-FR","@id":"https:\/\/massage-energetique-beaujolais.fr\/#\/schema\/logo\/image\/","url":"https:\/\/massage-energetique-beaujolais.fr\/wp-content\/uploads\/2024\/03\/cropped-logo-NRGTic-100x100-1.png","contentUrl":"https:\/\/massage-energetique-beaujolais.fr\/wp-content\/uploads\/2024\/03\/cropped-logo-NRGTic-100x100-1.png","width":89,"height":87,"caption":"Massage bien-\u00eatre et Energ\u00e9tique"},"image":{"@id":"https:\/\/massage-energetique-beaujolais.fr\/#\/schema\/logo\/image\/"}}]}},"_links":{"self":[{"href":"https:\/\/massage-energetique-beaujolais.fr\/index.php\/wp-json\/wp\/v2\/pages\/53","targetHints":{"allow":["GET"]}}],"collection":[{"href":"https:\/\/massage-energetique-beaujolais.fr\/index.php\/wp-json\/wp\/v2\/pages"}],"about":[{"href":"https:\/\/massage-energetique-beaujolais.fr\/index.php\/wp-json\/wp\/v2\/types\/page"}],"author":[{"embeddable":true,"href":"https:\/\/massage-energetique-beaujolais.fr\/index.php\/wp-json\/wp\/v2\/users\/1"}],"replies":[{"embeddable":true,"href":"https:\/\/massage-energetique-beaujolais.fr\/index.php\/wp-json\/wp\/v2\/comments?post=53"}],"version-history":[{"count":28,"href":"https:\/\/massage-energetique-beaujolais.fr\/index.php\/wp-json\/wp\/v2\/pages\/53\/revisions"}],"predecessor-version":[{"id":688,"href":"https:\/\/massage-energetique-beaujolais.fr\/index.php\/wp-json\/wp\/v2\/pages\/53\/revisions\/688"}],"wp:attachment":[{"href":"https:\/\/massage-energetique-beaujolais.fr\/index.php\/wp-json\/wp\/v2\/media?parent=53"}],"curies":[{"name":"wp","href":"https:\/\/api.w.org\/{rel}","templated":true}]}}