{"id":667,"date":"2025-09-23T15:29:59","date_gmt":"2025-09-23T13:29:59","guid":{"rendered":"https:\/\/massage-energetique-beaujolais.fr\/?page_id=667"},"modified":"2025-09-23T18:51:21","modified_gmt":"2025-09-23T16:51:21","slug":"massage-facio-cranien","status":"publish","type":"page","link":"https:\/\/massage-energetique-beaujolais.fr\/index.php\/massage-facio-cranien\/","title":{"rendered":"Massage facio-cr\u00e2nien"},"content":{"rendered":"\n<p><\/p>\n\n\n\n<div class=\"wp-block-media-text is-stacked-on-mobile is-image-fill-element\" style=\"grid-template-columns:24% auto\"><figure class=\"wp-block-media-text__media\"><img loading=\"lazy\" decoding=\"async\" width=\"768\" height=\"1024\" src=\"https:\/\/massage-energetique-beaujolais.fr\/wp-content\/uploads\/2025\/09\/massage-cranien-768x1024.jpg\" alt=\"\" class=\"wp-image-664 size-full\" style=\"object-position:50% 50%\" srcset=\"https:\/\/massage-energetique-beaujolais.fr\/wp-content\/uploads\/2025\/09\/massage-cranien-768x1024.jpg 768w, https:\/\/massage-energetique-beaujolais.fr\/wp-content\/uploads\/2025\/09\/massage-cranien-225x300.jpg 225w, https:\/\/massage-energetique-beaujolais.fr\/wp-content\/uploads\/2025\/09\/massage-cranien-1152x1536.jpg 1152w, https:\/\/massage-energetique-beaujolais.fr\/wp-content\/uploads\/2025\/09\/massage-cranien-1536x2048.jpg 1536w, https:\/\/massage-energetique-beaujolais.fr\/wp-content\/uploads\/2025\/09\/massage-cranien-45x60.jpg 45w, https:\/\/massage-energetique-beaujolais.fr\/wp-content\/uploads\/2025\/09\/massage-cranien-scaled.jpg 1920w\" sizes=\"auto, (max-width: 768px) 100vw, 768px\" \/><\/figure><div class=\"wp-block-media-text__content\">\n<p>Le <strong>massage facio-cr\u00e2nien<\/strong> est une<strong> technique de relaxation <\/strong>qui se concentre sur le visage, le cuir chevelu et la nuque. Il combine des gestes doux, des pressions mod\u00e9r\u00e9es, des mobilisations du cuir chevelu, des effleurages. Il utilise aussi des techniques issues du massage \u00e9nerg\u00e9tique chinois par stimulation de points pr\u00e9cis.<\/p>\n<\/div><\/div>\n\n\n\n<p><\/p>\n\n\n\n<p>Le massage facio-cr\u00e2nien <strong>lib\u00e8re les tensions musculaires <\/strong>accumul\u00e9es dans le visage, les m\u00e2choires et la t\u00eate. Le stress et nos rythmes de vie trop intenses sont souvent \u00e0 l&rsquo;origine de ces tensions. Ce massage permet une profonde relaxation physique et mentale et induit une sensation de l\u00e2cher-prise imm\u00e9diate.<\/p>\n\n\n\n<p>Il est indiqu\u00e9 \u00e9galement pour att\u00e9nuer les<strong> maux de t\u00eate,<\/strong> il am\u00e9liore la <strong>qualit\u00e9 de sommeil<\/strong>, stimule la <strong>micro-circulation <\/strong>au niveau du visage et du cuir chevelu.<\/p>\n\n\n\n<p>En tonifiant les muscles du visage, il aide \u00e0 r\u00e9duire l\u2019apparence des rides et favorise une meilleure \u00e9lasticit\u00e9 de la peau.<\/p>\n\n\n\n<p>En stimulant des points cl\u00e9s du visage et du cr\u00e2ne, ce massage peut \u00e9quilibrer les flux \u00e9nerg\u00e9tiques (notamment selon les principes de l&rsquo;\u00e9nerg\u00e9tique traditionnelle chinoise).<\/p>\n\n\n\n<div class=\"wp-block-buttons is-content-justification-center is-layout-flex wp-container-core-buttons-is-layout-16018d1d wp-block-buttons-is-layout-flex\">\n<div class=\"wp-block-button is-style-fill\"><a class=\"wp-block-button__link has-white-color has-text-color has-background has-link-color wp-element-button\" href=\"https:\/\/massage-energetique-beaujolais.fr\/index.php\/prestations-et-tarifs\/\" style=\"background-color:#009c9f\" target=\"_blank\" rel=\"noreferrer noopener\">Voir les tarifs<\/a><\/div>\n<\/div>\n\n\n\n<p><\/p>\n","protected":false},"excerpt":{"rendered":"<p>Le massage facio-cr\u00e2nien est une technique de relaxation qui se concentre sur le visage, le &hellip; <\/p>\n","protected":false},"author":1,"featured_media":664,"parent":0,"menu_order":0,"comment_status":"closed","ping_status":"closed","template":"","meta":{"footnotes":""},"class_list":["post-667","page","type-page","status-publish","has-post-thumbnail","hentry"],"yoast_head":"<!-- This site is optimized with the Yoast SEO plugin v27.4 - https:\/\/yoast.com\/product\/yoast-seo-wordpress\/ -->\n<title>Massage facio-cr\u00e2nien - Massage bien-\u00eatre et \u00c9nerg\u00e9tique<\/title>\n<meta name=\"description\" content=\"Le massage facio-cr\u00e2nien est une technique de relaxation qui se concentre sur le visage, le cuir chevelu, la nuque et le haut des \u00e9paules.\" \/>\n<meta name=\"robots\" content=\"index, follow, max-snippet:-1, max-image-preview:large, max-video-preview:-1\" \/>\n<link rel=\"canonical\" href=\"https:\/\/massage-energetique-beaujolais.fr\/index.php\/massage-facio-cranien\/\" \/>\n<meta property=\"og:locale\" content=\"fr_FR\" \/>\n<meta property=\"og:type\" content=\"article\" \/>\n<meta property=\"og:title\" content=\"Massage facio-cr\u00e2nien - Massage bien-\u00eatre et \u00c9nerg\u00e9tique\" \/>\n<meta property=\"og:description\" content=\"Le massage facio-cr\u00e2nien est une technique de relaxation qui se concentre sur le visage, le cuir chevelu, la nuque et le haut des \u00e9paules.\" \/>\n<meta property=\"og:url\" content=\"https:\/\/massage-energetique-beaujolais.fr\/index.php\/massage-facio-cranien\/\" \/>\n<meta property=\"og:site_name\" content=\"Massage bien-\u00eatre et \u00c9nerg\u00e9tique\" \/>\n<meta property=\"article:modified_time\" content=\"2025-09-23T16:51:21+00:00\" \/>\n<meta property=\"og:image\" content=\"https:\/\/massage-energetique-beaujolais.fr\/wp-content\/uploads\/2025\/09\/massage-cranien-scaled.jpg\" \/>\n\t<meta property=\"og:image:width\" content=\"1920\" \/>\n\t<meta property=\"og:image:height\" content=\"2560\" \/>\n\t<meta property=\"og:image:type\" content=\"image\/jpeg\" \/>\n<meta name=\"twitter:card\" content=\"summary_large_image\" \/>\n<meta name=\"twitter:label1\" content=\"Dur\u00e9e de lecture estim\u00e9e\" \/>\n\t<meta name=\"twitter:data1\" content=\"2 minutes\" \/>\n<script type=\"application\/ld+json\" class=\"yoast-schema-graph\">{\"@context\":\"https:\\\/\\\/schema.org\",\"@graph\":[{\"@type\":\"WebPage\",\"@id\":\"https:\\\/\\\/massage-energetique-beaujolais.fr\\\/index.php\\\/massage-facio-cranien\\\/\",\"url\":\"https:\\\/\\\/massage-energetique-beaujolais.fr\\\/index.php\\\/massage-facio-cranien\\\/\",\"name\":\"Massage facio-cr\u00e2nien - Massage bien-\u00eatre et \u00c9nerg\u00e9tique\",\"isPartOf\":{\"@id\":\"https:\\\/\\\/massage-energetique-beaujolais.fr\\\/#website\"},\"primaryImageOfPage\":{\"@id\":\"https:\\\/\\\/massage-energetique-beaujolais.fr\\\/index.php\\\/massage-facio-cranien\\\/#primaryimage\"},\"image\":{\"@id\":\"https:\\\/\\\/massage-energetique-beaujolais.fr\\\/index.php\\\/massage-facio-cranien\\\/#primaryimage\"},\"thumbnailUrl\":\"https:\\\/\\\/massage-energetique-beaujolais.fr\\\/wp-content\\\/uploads\\\/2025\\\/09\\\/massage-cranien-scaled.jpg\",\"datePublished\":\"2025-09-23T13:29:59+00:00\",\"dateModified\":\"2025-09-23T16:51:21+00:00\",\"description\":\"Le massage facio-cr\u00e2nien est une technique de relaxation qui se concentre sur le visage, le cuir chevelu, la nuque et le haut des \u00e9paules.\",\"breadcrumb\":{\"@id\":\"https:\\\/\\\/massage-energetique-beaujolais.fr\\\/index.php\\\/massage-facio-cranien\\\/#breadcrumb\"},\"inLanguage\":\"fr-FR\",\"potentialAction\":[{\"@type\":\"ReadAction\",\"target\":[\"https:\\\/\\\/massage-energetique-beaujolais.fr\\\/index.php\\\/massage-facio-cranien\\\/\"]}]},{\"@type\":\"ImageObject\",\"inLanguage\":\"fr-FR\",\"@id\":\"https:\\\/\\\/massage-energetique-beaujolais.fr\\\/index.php\\\/massage-facio-cranien\\\/#primaryimage\",\"url\":\"https:\\\/\\\/massage-energetique-beaujolais.fr\\\/wp-content\\\/uploads\\\/2025\\\/09\\\/massage-cranien-scaled.jpg\",\"contentUrl\":\"https:\\\/\\\/massage-energetique-beaujolais.fr\\\/wp-content\\\/uploads\\\/2025\\\/09\\\/massage-cranien-scaled.jpg\",\"width\":1920,\"height\":2560,\"caption\":\"massage facio-cr\u00e2nien\"},{\"@type\":\"BreadcrumbList\",\"@id\":\"https:\\\/\\\/massage-energetique-beaujolais.fr\\\/index.php\\\/massage-facio-cranien\\\/#breadcrumb\",\"itemListElement\":[{\"@type\":\"ListItem\",\"position\":1,\"name\":\"Accueil\",\"item\":\"https:\\\/\\\/massage-energetique-beaujolais.fr\\\/\"},{\"@type\":\"ListItem\",\"position\":2,\"name\":\"Massage facio-cr\u00e2nien\"}]},{\"@type\":\"WebSite\",\"@id\":\"https:\\\/\\\/massage-energetique-beaujolais.fr\\\/#website\",\"url\":\"https:\\\/\\\/massage-energetique-beaujolais.fr\\\/\",\"name\":\"Massage bien-\u00eatre et Energ\u00e9tique\",\"description\":\"Soins \u00e0 Villi\u00e9-Morgon en plein coeur du  Beaujolais, proche Belleville sur Sa\u00f4ne, Villefranche, M\u00e2con\",\"publisher\":{\"@id\":\"https:\\\/\\\/massage-energetique-beaujolais.fr\\\/#organization\"},\"potentialAction\":[{\"@type\":\"SearchAction\",\"target\":{\"@type\":\"EntryPoint\",\"urlTemplate\":\"https:\\\/\\\/massage-energetique-beaujolais.fr\\\/?s={search_term_string}\"},\"query-input\":{\"@type\":\"PropertyValueSpecification\",\"valueRequired\":true,\"valueName\":\"search_term_string\"}}],\"inLanguage\":\"fr-FR\"},{\"@type\":\"Organization\",\"@id\":\"https:\\\/\\\/massage-energetique-beaujolais.fr\\\/#organization\",\"name\":\"Massage bien-\u00eatre et Energ\u00e9tique\",\"url\":\"https:\\\/\\\/massage-energetique-beaujolais.fr\\\/\",\"logo\":{\"@type\":\"ImageObject\",\"inLanguage\":\"fr-FR\",\"@id\":\"https:\\\/\\\/massage-energetique-beaujolais.fr\\\/#\\\/schema\\\/logo\\\/image\\\/\",\"url\":\"https:\\\/\\\/massage-energetique-beaujolais.fr\\\/wp-content\\\/uploads\\\/2024\\\/03\\\/cropped-logo-NRGTic-100x100-1.png\",\"contentUrl\":\"https:\\\/\\\/massage-energetique-beaujolais.fr\\\/wp-content\\\/uploads\\\/2024\\\/03\\\/cropped-logo-NRGTic-100x100-1.png\",\"width\":89,\"height\":87,\"caption\":\"Massage bien-\u00eatre et Energ\u00e9tique\"},\"image\":{\"@id\":\"https:\\\/\\\/massage-energetique-beaujolais.fr\\\/#\\\/schema\\\/logo\\\/image\\\/\"}}]}<\/script>\n<!-- \/ Yoast SEO plugin. -->","yoast_head_json":{"title":"Massage facio-cr\u00e2nien - Massage bien-\u00eatre et \u00c9nerg\u00e9tique","description":"Le massage facio-cr\u00e2nien est une technique de relaxation qui se concentre sur le visage, le cuir chevelu, la nuque et le haut des \u00e9paules.","robots":{"index":"index","follow":"follow","max-snippet":"max-snippet:-1","max-image-preview":"max-image-preview:large","max-video-preview":"max-video-preview:-1"},"canonical":"https:\/\/massage-energetique-beaujolais.fr\/index.php\/massage-facio-cranien\/","og_locale":"fr_FR","og_type":"article","og_title":"Massage facio-cr\u00e2nien - Massage bien-\u00eatre et \u00c9nerg\u00e9tique","og_description":"Le massage facio-cr\u00e2nien est une technique de relaxation qui se concentre sur le visage, le cuir chevelu, la nuque et le haut des \u00e9paules.","og_url":"https:\/\/massage-energetique-beaujolais.fr\/index.php\/massage-facio-cranien\/","og_site_name":"Massage bien-\u00eatre et \u00c9nerg\u00e9tique","article_modified_time":"2025-09-23T16:51:21+00:00","og_image":[{"width":1920,"height":2560,"url":"https:\/\/massage-energetique-beaujolais.fr\/wp-content\/uploads\/2025\/09\/massage-cranien-scaled.jpg","type":"image\/jpeg"}],"twitter_card":"summary_large_image","twitter_misc":{"Dur\u00e9e de lecture estim\u00e9e":"2 minutes"},"schema":{"@context":"https:\/\/schema.org","@graph":[{"@type":"WebPage","@id":"https:\/\/massage-energetique-beaujolais.fr\/index.php\/massage-facio-cranien\/","url":"https:\/\/massage-energetique-beaujolais.fr\/index.php\/massage-facio-cranien\/","name":"Massage facio-cr\u00e2nien - Massage bien-\u00eatre et \u00c9nerg\u00e9tique","isPartOf":{"@id":"https:\/\/massage-energetique-beaujolais.fr\/#website"},"primaryImageOfPage":{"@id":"https:\/\/massage-energetique-beaujolais.fr\/index.php\/massage-facio-cranien\/#primaryimage"},"image":{"@id":"https:\/\/massage-energetique-beaujolais.fr\/index.php\/massage-facio-cranien\/#primaryimage"},"thumbnailUrl":"https:\/\/massage-energetique-beaujolais.fr\/wp-content\/uploads\/2025\/09\/massage-cranien-scaled.jpg","datePublished":"2025-09-23T13:29:59+00:00","dateModified":"2025-09-23T16:51:21+00:00","description":"Le massage facio-cr\u00e2nien est une technique de relaxation qui se concentre sur le visage, le cuir chevelu, la nuque et le haut des \u00e9paules.","breadcrumb":{"@id":"https:\/\/massage-energetique-beaujolais.fr\/index.php\/massage-facio-cranien\/#breadcrumb"},"inLanguage":"fr-FR","potentialAction":[{"@type":"ReadAction","target":["https:\/\/massage-energetique-beaujolais.fr\/index.php\/massage-facio-cranien\/"]}]},{"@type":"ImageObject","inLanguage":"fr-FR","@id":"https:\/\/massage-energetique-beaujolais.fr\/index.php\/massage-facio-cranien\/#primaryimage","url":"https:\/\/massage-energetique-beaujolais.fr\/wp-content\/uploads\/2025\/09\/massage-cranien-scaled.jpg","contentUrl":"https:\/\/massage-energetique-beaujolais.fr\/wp-content\/uploads\/2025\/09\/massage-cranien-scaled.jpg","width":1920,"height":2560,"caption":"massage facio-cr\u00e2nien"},{"@type":"BreadcrumbList","@id":"https:\/\/massage-energetique-beaujolais.fr\/index.php\/massage-facio-cranien\/#breadcrumb","itemListElement":[{"@type":"ListItem","position":1,"name":"Accueil","item":"https:\/\/massage-energetique-beaujolais.fr\/"},{"@type":"ListItem","position":2,"name":"Massage facio-cr\u00e2nien"}]},{"@type":"WebSite","@id":"https:\/\/massage-energetique-beaujolais.fr\/#website","url":"https:\/\/massage-energetique-beaujolais.fr\/","name":"Massage bien-\u00eatre et Energ\u00e9tique","description":"Soins \u00e0 Villi\u00e9-Morgon en plein coeur du  Beaujolais, proche Belleville sur Sa\u00f4ne, Villefranche, M\u00e2con","publisher":{"@id":"https:\/\/massage-energetique-beaujolais.fr\/#organization"},"potentialAction":[{"@type":"SearchAction","target":{"@type":"EntryPoint","urlTemplate":"https:\/\/massage-energetique-beaujolais.fr\/?s={search_term_string}"},"query-input":{"@type":"PropertyValueSpecification","valueRequired":true,"valueName":"search_term_string"}}],"inLanguage":"fr-FR"},{"@type":"Organization","@id":"https:\/\/massage-energetique-beaujolais.fr\/#organization","name":"Massage bien-\u00eatre et Energ\u00e9tique","url":"https:\/\/massage-energetique-beaujolais.fr\/","logo":{"@type":"ImageObject","inLanguage":"fr-FR","@id":"https:\/\/massage-energetique-beaujolais.fr\/#\/schema\/logo\/image\/","url":"https:\/\/massage-energetique-beaujolais.fr\/wp-content\/uploads\/2024\/03\/cropped-logo-NRGTic-100x100-1.png","contentUrl":"https:\/\/massage-energetique-beaujolais.fr\/wp-content\/uploads\/2024\/03\/cropped-logo-NRGTic-100x100-1.png","width":89,"height":87,"caption":"Massage bien-\u00eatre et Energ\u00e9tique"},"image":{"@id":"https:\/\/massage-energetique-beaujolais.fr\/#\/schema\/logo\/image\/"}}]}},"_links":{"self":[{"href":"https:\/\/massage-energetique-beaujolais.fr\/index.php\/wp-json\/wp\/v2\/pages\/667","targetHints":{"allow":["GET"]}}],"collection":[{"href":"https:\/\/massage-energetique-beaujolais.fr\/index.php\/wp-json\/wp\/v2\/pages"}],"about":[{"href":"https:\/\/massage-energetique-beaujolais.fr\/index.php\/wp-json\/wp\/v2\/types\/page"}],"author":[{"embeddable":true,"href":"https:\/\/massage-energetique-beaujolais.fr\/index.php\/wp-json\/wp\/v2\/users\/1"}],"replies":[{"embeddable":true,"href":"https:\/\/massage-energetique-beaujolais.fr\/index.php\/wp-json\/wp\/v2\/comments?post=667"}],"version-history":[{"count":2,"href":"https:\/\/massage-energetique-beaujolais.fr\/index.php\/wp-json\/wp\/v2\/pages\/667\/revisions"}],"predecessor-version":[{"id":690,"href":"https:\/\/massage-energetique-beaujolais.fr\/index.php\/wp-json\/wp\/v2\/pages\/667\/revisions\/690"}],"wp:featuredmedia":[{"embeddable":true,"href":"https:\/\/massage-energetique-beaujolais.fr\/index.php\/wp-json\/wp\/v2\/media\/664"}],"wp:attachment":[{"href":"https:\/\/massage-energetique-beaujolais.fr\/index.php\/wp-json\/wp\/v2\/media?parent=667"}],"curies":[{"name":"wp","href":"https:\/\/api.w.org\/{rel}","templated":true}]}}