{"id":681,"date":"2026-02-24T12:26:51","date_gmt":"2026-02-24T11:26:51","guid":{"rendered":"https:\/\/massage-energetique-beaujolais.fr\/?page_id=681"},"modified":"2026-02-24T12:59:48","modified_gmt":"2026-02-24T11:59:48","slug":"massage-sportif-deep-tissue","status":"publish","type":"page","link":"https:\/\/massage-energetique-beaujolais.fr\/index.php\/massage-sportif-deep-tissue\/","title":{"rendered":"Massage sportif Deep Tissue"},"content":{"rendered":"\n<div class=\"wp-block-media-text is-stacked-on-mobile\" style=\"grid-template-columns:29% auto\"><figure class=\"wp-block-media-text__media\"><img loading=\"lazy\" decoding=\"async\" width=\"809\" height=\"539\" src=\"https:\/\/massage-energetique-beaujolais.fr\/wp-content\/uploads\/2026\/02\/deep-tissue-massage.jpg\" alt=\"\" class=\"wp-image-702 size-full\" srcset=\"https:\/\/massage-energetique-beaujolais.fr\/wp-content\/uploads\/2026\/02\/deep-tissue-massage.jpg 809w, https:\/\/massage-energetique-beaujolais.fr\/wp-content\/uploads\/2026\/02\/deep-tissue-massage-300x200.jpg 300w, https:\/\/massage-energetique-beaujolais.fr\/wp-content\/uploads\/2026\/02\/deep-tissue-massage-768x512.jpg 768w, https:\/\/massage-energetique-beaujolais.fr\/wp-content\/uploads\/2026\/02\/deep-tissue-massage-90x60.jpg 90w, https:\/\/massage-energetique-beaujolais.fr\/wp-content\/uploads\/2026\/02\/deep-tissue-massage-370x247.jpg 370w, https:\/\/massage-energetique-beaujolais.fr\/wp-content\/uploads\/2026\/02\/deep-tissue-massage-776x517.jpg 776w\" sizes=\"auto, (max-width: 809px) 100vw, 809px\" \/><\/figure><div class=\"wp-block-media-text__content\">\n<p>Le massage deep tissue est une technique de massage des tissus profonds. Il permet un rel\u00e2chement des muscles et fascias, gr\u00e2ce \u00e0 des gestes lents, pr\u00e9cis et puissants. <\/p>\n<\/div><\/div>\n\n\n\n<p>Optimisez vos performances et acc\u00e9l\u00e9rez votre r\u00e9cup\u00e9ration avec notre massage deep tissue, sp\u00e9cialement adapt\u00e9 aux sportifs. Ce soin en profondeur lib\u00e8re les tensions musculaires, r\u00e9duit les courbatures et am\u00e9liore la souplesse pour un corps plus performant et r\u00e9sistant. <\/p>\n\n\n\n<p>Id\u00e9al apr\u00e8s l\u2019effort ou en pr\u00e9paration, il vous aide \u00e0 pr\u00e9venir les blessures et \u00e0 retrouver rapidement vos meilleures sensations.<\/p>\n\n\n\n<p>Pour une r\u00e9cup\u00e9ration encore plus compl\u00e8te, ce massage peut \u00eatre combin\u00e9 \u00e0 un soin de <a href=\"https:\/\/massage-energetique-beaujolais.fr\/index.php\/cupping-ventouses\/\" type=\"link\" id=\"https:\/\/massage-energetique-beaujolais.fr\/index.php\/cupping-ventouses\/\">cupping (ventouses)<\/a>, favorisant la circulation, le rel\u00e2chement des tissus et l\u2019\u00e9limination des toxines.<\/p>\n\n\n\n<div class=\"wp-block-buttons is-content-justification-center is-layout-flex wp-container-core-buttons-is-layout-16018d1d wp-block-buttons-is-layout-flex\">\n<div class=\"wp-block-button is-style-fill\"><a class=\"wp-block-button__link has-white-color has-text-color has-background has-link-color wp-element-button\" href=\"https:\/\/massage-energetique-beaujolais.fr\/index.php\/prestations-et-tarifs\/\" style=\"background-color:#009c9f\" target=\"_blank\" rel=\"noreferrer noopener\">Voir les tarifs<\/a><\/div>\n<\/div>\n","protected":false},"excerpt":{"rendered":"<p>Le massage deep tissue est une technique de massage des tissus profonds. Il permet un &hellip; <\/p>\n","protected":false},"author":1,"featured_media":702,"parent":0,"menu_order":0,"comment_status":"closed","ping_status":"closed","template":"","meta":{"footnotes":""},"class_list":["post-681","page","type-page","status-publish","has-post-thumbnail","hentry"],"yoast_head":"<!-- This site is optimized with the Yoast SEO plugin v27.3 - https:\/\/yoast.com\/product\/yoast-seo-wordpress\/ -->\n<title>Massage sportif Deep Tissue - Massage bien-\u00eatre et \u00c9nerg\u00e9tique<\/title>\n<meta name=\"description\" content=\"le massage deep tissue est une technique de massage des tissus profonds et permet un rel\u00e2chement des muscles et fascias\" \/>\n<meta name=\"robots\" content=\"index, follow, max-snippet:-1, max-image-preview:large, max-video-preview:-1\" \/>\n<link rel=\"canonical\" href=\"https:\/\/massage-energetique-beaujolais.fr\/index.php\/massage-sportif-deep-tissue\/\" \/>\n<meta property=\"og:locale\" content=\"fr_FR\" \/>\n<meta property=\"og:type\" content=\"article\" \/>\n<meta property=\"og:title\" content=\"Massage sportif Deep Tissue - Massage bien-\u00eatre et \u00c9nerg\u00e9tique\" \/>\n<meta property=\"og:description\" content=\"le massage deep tissue est une technique de massage des tissus profonds et permet un rel\u00e2chement des muscles et fascias\" \/>\n<meta property=\"og:url\" content=\"https:\/\/massage-energetique-beaujolais.fr\/index.php\/massage-sportif-deep-tissue\/\" \/>\n<meta property=\"og:site_name\" content=\"Massage bien-\u00eatre et \u00c9nerg\u00e9tique\" \/>\n<meta property=\"article:modified_time\" content=\"2026-02-24T11:59:48+00:00\" \/>\n<meta property=\"og:image\" content=\"https:\/\/massage-energetique-beaujolais.fr\/wp-content\/uploads\/2026\/02\/deep-tissue-massage.jpg\" \/>\n\t<meta property=\"og:image:width\" content=\"809\" \/>\n\t<meta property=\"og:image:height\" content=\"539\" \/>\n\t<meta property=\"og:image:type\" content=\"image\/jpeg\" \/>\n<meta name=\"twitter:card\" content=\"summary_large_image\" \/>\n<meta name=\"twitter:label1\" content=\"Dur\u00e9e de lecture estim\u00e9e\" \/>\n\t<meta name=\"twitter:data1\" content=\"1 minute\" \/>\n<script type=\"application\/ld+json\" class=\"yoast-schema-graph\">{\"@context\":\"https:\\\/\\\/schema.org\",\"@graph\":[{\"@type\":\"WebPage\",\"@id\":\"https:\\\/\\\/massage-energetique-beaujolais.fr\\\/index.php\\\/massage-sportif-deep-tissue\\\/\",\"url\":\"https:\\\/\\\/massage-energetique-beaujolais.fr\\\/index.php\\\/massage-sportif-deep-tissue\\\/\",\"name\":\"Massage sportif Deep Tissue - Massage bien-\u00eatre et \u00c9nerg\u00e9tique\",\"isPartOf\":{\"@id\":\"https:\\\/\\\/massage-energetique-beaujolais.fr\\\/#website\"},\"primaryImageOfPage\":{\"@id\":\"https:\\\/\\\/massage-energetique-beaujolais.fr\\\/index.php\\\/massage-sportif-deep-tissue\\\/#primaryimage\"},\"image\":{\"@id\":\"https:\\\/\\\/massage-energetique-beaujolais.fr\\\/index.php\\\/massage-sportif-deep-tissue\\\/#primaryimage\"},\"thumbnailUrl\":\"https:\\\/\\\/massage-energetique-beaujolais.fr\\\/wp-content\\\/uploads\\\/2026\\\/02\\\/deep-tissue-massage.jpg\",\"datePublished\":\"2026-02-24T11:26:51+00:00\",\"dateModified\":\"2026-02-24T11:59:48+00:00\",\"description\":\"le massage deep tissue est une technique de massage des tissus profonds et permet un rel\u00e2chement des muscles et fascias\",\"breadcrumb\":{\"@id\":\"https:\\\/\\\/massage-energetique-beaujolais.fr\\\/index.php\\\/massage-sportif-deep-tissue\\\/#breadcrumb\"},\"inLanguage\":\"fr-FR\",\"potentialAction\":[{\"@type\":\"ReadAction\",\"target\":[\"https:\\\/\\\/massage-energetique-beaujolais.fr\\\/index.php\\\/massage-sportif-deep-tissue\\\/\"]}]},{\"@type\":\"ImageObject\",\"inLanguage\":\"fr-FR\",\"@id\":\"https:\\\/\\\/massage-energetique-beaujolais.fr\\\/index.php\\\/massage-sportif-deep-tissue\\\/#primaryimage\",\"url\":\"https:\\\/\\\/massage-energetique-beaujolais.fr\\\/wp-content\\\/uploads\\\/2026\\\/02\\\/deep-tissue-massage.jpg\",\"contentUrl\":\"https:\\\/\\\/massage-energetique-beaujolais.fr\\\/wp-content\\\/uploads\\\/2026\\\/02\\\/deep-tissue-massage.jpg\",\"width\":809,\"height\":539},{\"@type\":\"BreadcrumbList\",\"@id\":\"https:\\\/\\\/massage-energetique-beaujolais.fr\\\/index.php\\\/massage-sportif-deep-tissue\\\/#breadcrumb\",\"itemListElement\":[{\"@type\":\"ListItem\",\"position\":1,\"name\":\"Accueil\",\"item\":\"https:\\\/\\\/massage-energetique-beaujolais.fr\\\/\"},{\"@type\":\"ListItem\",\"position\":2,\"name\":\"Massage sportif Deep Tissue\"}]},{\"@type\":\"WebSite\",\"@id\":\"https:\\\/\\\/massage-energetique-beaujolais.fr\\\/#website\",\"url\":\"https:\\\/\\\/massage-energetique-beaujolais.fr\\\/\",\"name\":\"Massage bien-\u00eatre et Energ\u00e9tique\",\"description\":\"Soins \u00e0 Villi\u00e9-Morgon en plein coeur du  Beaujolais, proche Belleville sur Sa\u00f4ne, Villefranche, M\u00e2con\",\"publisher\":{\"@id\":\"https:\\\/\\\/massage-energetique-beaujolais.fr\\\/#organization\"},\"potentialAction\":[{\"@type\":\"SearchAction\",\"target\":{\"@type\":\"EntryPoint\",\"urlTemplate\":\"https:\\\/\\\/massage-energetique-beaujolais.fr\\\/?s={search_term_string}\"},\"query-input\":{\"@type\":\"PropertyValueSpecification\",\"valueRequired\":true,\"valueName\":\"search_term_string\"}}],\"inLanguage\":\"fr-FR\"},{\"@type\":\"Organization\",\"@id\":\"https:\\\/\\\/massage-energetique-beaujolais.fr\\\/#organization\",\"name\":\"Massage bien-\u00eatre et Energ\u00e9tique\",\"url\":\"https:\\\/\\\/massage-energetique-beaujolais.fr\\\/\",\"logo\":{\"@type\":\"ImageObject\",\"inLanguage\":\"fr-FR\",\"@id\":\"https:\\\/\\\/massage-energetique-beaujolais.fr\\\/#\\\/schema\\\/logo\\\/image\\\/\",\"url\":\"https:\\\/\\\/massage-energetique-beaujolais.fr\\\/wp-content\\\/uploads\\\/2024\\\/03\\\/cropped-logo-NRGTic-100x100-1.png\",\"contentUrl\":\"https:\\\/\\\/massage-energetique-beaujolais.fr\\\/wp-content\\\/uploads\\\/2024\\\/03\\\/cropped-logo-NRGTic-100x100-1.png\",\"width\":89,\"height\":87,\"caption\":\"Massage bien-\u00eatre et Energ\u00e9tique\"},\"image\":{\"@id\":\"https:\\\/\\\/massage-energetique-beaujolais.fr\\\/#\\\/schema\\\/logo\\\/image\\\/\"}}]}<\/script>\n<!-- \/ Yoast SEO plugin. -->","yoast_head_json":{"title":"Massage sportif Deep Tissue - Massage bien-\u00eatre et \u00c9nerg\u00e9tique","description":"le massage deep tissue est une technique de massage des tissus profonds et permet un rel\u00e2chement des muscles et fascias","robots":{"index":"index","follow":"follow","max-snippet":"max-snippet:-1","max-image-preview":"max-image-preview:large","max-video-preview":"max-video-preview:-1"},"canonical":"https:\/\/massage-energetique-beaujolais.fr\/index.php\/massage-sportif-deep-tissue\/","og_locale":"fr_FR","og_type":"article","og_title":"Massage sportif Deep Tissue - Massage bien-\u00eatre et \u00c9nerg\u00e9tique","og_description":"le massage deep tissue est une technique de massage des tissus profonds et permet un rel\u00e2chement des muscles et fascias","og_url":"https:\/\/massage-energetique-beaujolais.fr\/index.php\/massage-sportif-deep-tissue\/","og_site_name":"Massage bien-\u00eatre et \u00c9nerg\u00e9tique","article_modified_time":"2026-02-24T11:59:48+00:00","og_image":[{"width":809,"height":539,"url":"https:\/\/massage-energetique-beaujolais.fr\/wp-content\/uploads\/2026\/02\/deep-tissue-massage.jpg","type":"image\/jpeg"}],"twitter_card":"summary_large_image","twitter_misc":{"Dur\u00e9e de lecture estim\u00e9e":"1 minute"},"schema":{"@context":"https:\/\/schema.org","@graph":[{"@type":"WebPage","@id":"https:\/\/massage-energetique-beaujolais.fr\/index.php\/massage-sportif-deep-tissue\/","url":"https:\/\/massage-energetique-beaujolais.fr\/index.php\/massage-sportif-deep-tissue\/","name":"Massage sportif Deep Tissue - Massage bien-\u00eatre et \u00c9nerg\u00e9tique","isPartOf":{"@id":"https:\/\/massage-energetique-beaujolais.fr\/#website"},"primaryImageOfPage":{"@id":"https:\/\/massage-energetique-beaujolais.fr\/index.php\/massage-sportif-deep-tissue\/#primaryimage"},"image":{"@id":"https:\/\/massage-energetique-beaujolais.fr\/index.php\/massage-sportif-deep-tissue\/#primaryimage"},"thumbnailUrl":"https:\/\/massage-energetique-beaujolais.fr\/wp-content\/uploads\/2026\/02\/deep-tissue-massage.jpg","datePublished":"2026-02-24T11:26:51+00:00","dateModified":"2026-02-24T11:59:48+00:00","description":"le massage deep tissue est une technique de massage des tissus profonds et permet un rel\u00e2chement des muscles et fascias","breadcrumb":{"@id":"https:\/\/massage-energetique-beaujolais.fr\/index.php\/massage-sportif-deep-tissue\/#breadcrumb"},"inLanguage":"fr-FR","potentialAction":[{"@type":"ReadAction","target":["https:\/\/massage-energetique-beaujolais.fr\/index.php\/massage-sportif-deep-tissue\/"]}]},{"@type":"ImageObject","inLanguage":"fr-FR","@id":"https:\/\/massage-energetique-beaujolais.fr\/index.php\/massage-sportif-deep-tissue\/#primaryimage","url":"https:\/\/massage-energetique-beaujolais.fr\/wp-content\/uploads\/2026\/02\/deep-tissue-massage.jpg","contentUrl":"https:\/\/massage-energetique-beaujolais.fr\/wp-content\/uploads\/2026\/02\/deep-tissue-massage.jpg","width":809,"height":539},{"@type":"BreadcrumbList","@id":"https:\/\/massage-energetique-beaujolais.fr\/index.php\/massage-sportif-deep-tissue\/#breadcrumb","itemListElement":[{"@type":"ListItem","position":1,"name":"Accueil","item":"https:\/\/massage-energetique-beaujolais.fr\/"},{"@type":"ListItem","position":2,"name":"Massage sportif Deep Tissue"}]},{"@type":"WebSite","@id":"https:\/\/massage-energetique-beaujolais.fr\/#website","url":"https:\/\/massage-energetique-beaujolais.fr\/","name":"Massage bien-\u00eatre et Energ\u00e9tique","description":"Soins \u00e0 Villi\u00e9-Morgon en plein coeur du  Beaujolais, proche Belleville sur Sa\u00f4ne, Villefranche, M\u00e2con","publisher":{"@id":"https:\/\/massage-energetique-beaujolais.fr\/#organization"},"potentialAction":[{"@type":"SearchAction","target":{"@type":"EntryPoint","urlTemplate":"https:\/\/massage-energetique-beaujolais.fr\/?s={search_term_string}"},"query-input":{"@type":"PropertyValueSpecification","valueRequired":true,"valueName":"search_term_string"}}],"inLanguage":"fr-FR"},{"@type":"Organization","@id":"https:\/\/massage-energetique-beaujolais.fr\/#organization","name":"Massage bien-\u00eatre et Energ\u00e9tique","url":"https:\/\/massage-energetique-beaujolais.fr\/","logo":{"@type":"ImageObject","inLanguage":"fr-FR","@id":"https:\/\/massage-energetique-beaujolais.fr\/#\/schema\/logo\/image\/","url":"https:\/\/massage-energetique-beaujolais.fr\/wp-content\/uploads\/2024\/03\/cropped-logo-NRGTic-100x100-1.png","contentUrl":"https:\/\/massage-energetique-beaujolais.fr\/wp-content\/uploads\/2024\/03\/cropped-logo-NRGTic-100x100-1.png","width":89,"height":87,"caption":"Massage bien-\u00eatre et Energ\u00e9tique"},"image":{"@id":"https:\/\/massage-energetique-beaujolais.fr\/#\/schema\/logo\/image\/"}}]}},"_links":{"self":[{"href":"https:\/\/massage-energetique-beaujolais.fr\/index.php\/wp-json\/wp\/v2\/pages\/681","targetHints":{"allow":["GET"]}}],"collection":[{"href":"https:\/\/massage-energetique-beaujolais.fr\/index.php\/wp-json\/wp\/v2\/pages"}],"about":[{"href":"https:\/\/massage-energetique-beaujolais.fr\/index.php\/wp-json\/wp\/v2\/types\/page"}],"author":[{"embeddable":true,"href":"https:\/\/massage-energetique-beaujolais.fr\/index.php\/wp-json\/wp\/v2\/users\/1"}],"replies":[{"embeddable":true,"href":"https:\/\/massage-energetique-beaujolais.fr\/index.php\/wp-json\/wp\/v2\/comments?post=681"}],"version-history":[{"count":7,"href":"https:\/\/massage-energetique-beaujolais.fr\/index.php\/wp-json\/wp\/v2\/pages\/681\/revisions"}],"predecessor-version":[{"id":707,"href":"https:\/\/massage-energetique-beaujolais.fr\/index.php\/wp-json\/wp\/v2\/pages\/681\/revisions\/707"}],"wp:featuredmedia":[{"embeddable":true,"href":"https:\/\/massage-energetique-beaujolais.fr\/index.php\/wp-json\/wp\/v2\/media\/702"}],"wp:attachment":[{"href":"https:\/\/massage-energetique-beaujolais.fr\/index.php\/wp-json\/wp\/v2\/media?parent=681"}],"curies":[{"name":"wp","href":"https:\/\/api.w.org\/{rel}","templated":true}]}}