{"id":91,"date":"2024-04-05T17:06:27","date_gmt":"2024-04-05T15:06:27","guid":{"rendered":"https:\/\/massage-energetique-beaujolais.fr\/?page_id=91"},"modified":"2026-02-24T13:02:03","modified_gmt":"2026-02-24T12:02:03","slug":"reflexologie-plantaire-chinoise","status":"publish","type":"page","link":"https:\/\/massage-energetique-beaujolais.fr\/index.php\/reflexologie-plantaire-chinoise\/","title":{"rendered":"R\u00e9flexologie plantaire"},"content":{"rendered":"\n<p>La <strong>r\u00e9flexologie plantaire<\/strong> est une pratique th\u00e9rapeutique qui repose sur le principe selon lequel certaines zones des pieds &#8211; les <strong>zones r\u00e9flexes <\/strong>&#8211; sont connect\u00e9es \u00e0 des organes et des parties sp\u00e9cifiques du corps. En appliquant une pression sur ces zones r\u00e9flexes, on peut stimuler la gu\u00e9rison et l&rsquo;\u00e9quilibre dans tout le corps.<\/p>\n\n\n<div class=\"wp-block-image\">\n<figure class=\"aligncenter size-full is-resized\"><img loading=\"lazy\" decoding=\"async\" width=\"378\" height=\"380\" src=\"https:\/\/massage-energetique-beaujolais.fr\/wp-content\/uploads\/2024\/05\/reflexo.jpg\" alt=\"\" class=\"wp-image-470\" style=\"width:139px;height:auto\" srcset=\"https:\/\/massage-energetique-beaujolais.fr\/wp-content\/uploads\/2024\/05\/reflexo.jpg 378w, https:\/\/massage-energetique-beaujolais.fr\/wp-content\/uploads\/2024\/05\/reflexo-298x300.jpg 298w, https:\/\/massage-energetique-beaujolais.fr\/wp-content\/uploads\/2024\/05\/reflexo-150x150.jpg 150w, https:\/\/massage-energetique-beaujolais.fr\/wp-content\/uploads\/2024\/05\/reflexo-60x60.jpg 60w\" sizes=\"auto, (max-width: 378px) 100vw, 378px\" \/><\/figure>\n<\/div>\n\n\n<p><\/p>\n\n\n\n<div class=\"wp-block-group is-nowrap is-layout-flex wp-container-core-group-is-layout-ad2f72ca wp-block-group-is-layout-flex\">\n<div class=\"wp-block-media-text is-stacked-on-mobile\" style=\"grid-template-columns:34% auto\"><figure class=\"wp-block-media-text__media\"><img loading=\"lazy\" decoding=\"async\" width=\"600\" height=\"400\" src=\"https:\/\/massage-energetique-beaujolais.fr\/wp-content\/uploads\/2024\/05\/reflexologie.jpg\" alt=\"\" class=\"wp-image-475 size-full\" srcset=\"https:\/\/massage-energetique-beaujolais.fr\/wp-content\/uploads\/2024\/05\/reflexologie.jpg 600w, https:\/\/massage-energetique-beaujolais.fr\/wp-content\/uploads\/2024\/05\/reflexologie-300x200.jpg 300w, https:\/\/massage-energetique-beaujolais.fr\/wp-content\/uploads\/2024\/05\/reflexologie-90x60.jpg 90w, https:\/\/massage-energetique-beaujolais.fr\/wp-content\/uploads\/2024\/05\/reflexologie-370x247.jpg 370w\" sizes=\"auto, (max-width: 600px) 100vw, 600px\" \/><\/figure><div class=\"wp-block-media-text__content\">\n<p>Lors d&rsquo;une s\u00e9ance de r\u00e9flexologie plantaire, le praticien utilise ses mains et ses doigts pour <strong>appliquer une pression sur les zones r\u00e9flexes des pieds<\/strong>. Cette pression peut \u00eatre <strong>l\u00e9g\u00e8re ou plus intense<\/strong>, en fonction des besoins et de la sensibilit\u00e9 de la personne.<\/p>\n\n\n\n<p>La r\u00e9flexologie plantaire vise \u00e0 <strong>am\u00e9liorer la circulation sanguine, <\/strong>\u00e0 <strong>r\u00e9duire le stress, <\/strong>\u00e0 <strong>favoriser la d\u00e9tente <\/strong>et \u00e0 <strong>stimuler le syst\u00e8me lymphatique.<\/strong> Elle peut \u00e9galement aider \u00e0 <strong>soulager les douleurs,<\/strong> \u00e0 <strong>am\u00e9liorer la digestion<\/strong>, \u00e0 renforcer le s<strong>yst\u00e8me immunitaire<\/strong> et \u00e0 favoriser un <strong>meilleur<\/strong> <strong>sommeil<\/strong>.<\/p>\n<\/div><\/div>\n<\/div>\n\n\n\n<p><\/p>\n\n\n\n<p>Le soin peut vous \u00eatre propos\u00e9 avec un bain de pieds \u00e0 bulles agr\u00e9ment\u00e9 d&rsquo;huiles essentielles et \/ ou de sels de bain, au choix : Sels de la Mer Morte aux effets d\u00e9lassants ou Sel d&rsquo;Epsom d\u00e9contracturant.<\/p>\n\n\n\n<div class=\"wp-block-buttons is-content-justification-center is-layout-flex wp-container-core-buttons-is-layout-16018d1d wp-block-buttons-is-layout-flex\">\n<div class=\"wp-block-button is-style-fill\"><a class=\"wp-block-button__link has-white-color has-text-color has-background has-link-color wp-element-button\" href=\"https:\/\/massage-energetique-beaujolais.fr\/index.php\/prestations-et-tarifs\/\" style=\"background-color:#009c9f\" target=\"_blank\" rel=\"noreferrer noopener\">Voir les tarifs<\/a><\/div>\n<\/div>\n","protected":false},"excerpt":{"rendered":"<p>La r\u00e9flexologie plantaire est une pratique th\u00e9rapeutique qui repose sur le principe selon lequel certaines &hellip; <\/p>\n","protected":false},"author":1,"featured_media":481,"parent":0,"menu_order":0,"comment_status":"closed","ping_status":"closed","template":"","meta":{"footnotes":""},"class_list":["post-91","page","type-page","status-publish","has-post-thumbnail","hentry"],"yoast_head":"<!-- This site is optimized with the Yoast SEO plugin v27.3 - https:\/\/yoast.com\/product\/yoast-seo-wordpress\/ -->\n<title>R\u00e9flexologie plantaire - Massage bien-\u00eatre et \u00c9nerg\u00e9tique<\/title>\n<meta name=\"description\" content=\"R\u00e9duisez votre stress, am\u00e9liorez votre circulation sanguine et boostez votre immunit\u00e9 gr\u00e2ce \u00e0 la r\u00e9flexologie plantaire\" \/>\n<meta name=\"robots\" content=\"index, follow, max-snippet:-1, max-image-preview:large, max-video-preview:-1\" \/>\n<link rel=\"canonical\" href=\"https:\/\/massage-energetique-beaujolais.fr\/index.php\/reflexologie-plantaire-chinoise\/\" \/>\n<meta property=\"og:locale\" content=\"fr_FR\" \/>\n<meta property=\"og:type\" content=\"article\" \/>\n<meta property=\"og:title\" content=\"R\u00e9flexologie plantaire - Massage bien-\u00eatre et \u00c9nerg\u00e9tique\" \/>\n<meta property=\"og:description\" content=\"R\u00e9duisez votre stress, am\u00e9liorez votre circulation sanguine et boostez votre immunit\u00e9 gr\u00e2ce \u00e0 la r\u00e9flexologie plantaire\" \/>\n<meta property=\"og:url\" content=\"https:\/\/massage-energetique-beaujolais.fr\/index.php\/reflexologie-plantaire-chinoise\/\" \/>\n<meta property=\"og:site_name\" content=\"Massage bien-\u00eatre et \u00c9nerg\u00e9tique\" \/>\n<meta property=\"article:modified_time\" content=\"2026-02-24T12:02:03+00:00\" \/>\n<meta property=\"og:image\" content=\"https:\/\/massage-energetique-beaujolais.fr\/wp-content\/uploads\/2024\/05\/reflexologie-edited-1-e1771934518731.jpg\" \/>\n\t<meta property=\"og:image:width\" content=\"513\" \/>\n\t<meta property=\"og:image:height\" content=\"301\" \/>\n\t<meta property=\"og:image:type\" content=\"image\/jpeg\" \/>\n<meta name=\"twitter:card\" content=\"summary_large_image\" \/>\n<meta name=\"twitter:label1\" content=\"Dur\u00e9e de lecture estim\u00e9e\" \/>\n\t<meta name=\"twitter:data1\" content=\"2 minutes\" \/>\n<script type=\"application\/ld+json\" class=\"yoast-schema-graph\">{\"@context\":\"https:\\\/\\\/schema.org\",\"@graph\":[{\"@type\":\"WebPage\",\"@id\":\"https:\\\/\\\/massage-energetique-beaujolais.fr\\\/index.php\\\/reflexologie-plantaire-chinoise\\\/\",\"url\":\"https:\\\/\\\/massage-energetique-beaujolais.fr\\\/index.php\\\/reflexologie-plantaire-chinoise\\\/\",\"name\":\"R\u00e9flexologie plantaire - Massage bien-\u00eatre et \u00c9nerg\u00e9tique\",\"isPartOf\":{\"@id\":\"https:\\\/\\\/massage-energetique-beaujolais.fr\\\/#website\"},\"primaryImageOfPage\":{\"@id\":\"https:\\\/\\\/massage-energetique-beaujolais.fr\\\/index.php\\\/reflexologie-plantaire-chinoise\\\/#primaryimage\"},\"image\":{\"@id\":\"https:\\\/\\\/massage-energetique-beaujolais.fr\\\/index.php\\\/reflexologie-plantaire-chinoise\\\/#primaryimage\"},\"thumbnailUrl\":\"https:\\\/\\\/massage-energetique-beaujolais.fr\\\/wp-content\\\/uploads\\\/2024\\\/05\\\/reflexologie-edited-1-e1771934518731.jpg\",\"datePublished\":\"2024-04-05T15:06:27+00:00\",\"dateModified\":\"2026-02-24T12:02:03+00:00\",\"description\":\"R\u00e9duisez votre stress, am\u00e9liorez votre circulation sanguine et boostez votre immunit\u00e9 gr\u00e2ce \u00e0 la r\u00e9flexologie plantaire\",\"breadcrumb\":{\"@id\":\"https:\\\/\\\/massage-energetique-beaujolais.fr\\\/index.php\\\/reflexologie-plantaire-chinoise\\\/#breadcrumb\"},\"inLanguage\":\"fr-FR\",\"potentialAction\":[{\"@type\":\"ReadAction\",\"target\":[\"https:\\\/\\\/massage-energetique-beaujolais.fr\\\/index.php\\\/reflexologie-plantaire-chinoise\\\/\"]}]},{\"@type\":\"ImageObject\",\"inLanguage\":\"fr-FR\",\"@id\":\"https:\\\/\\\/massage-energetique-beaujolais.fr\\\/index.php\\\/reflexologie-plantaire-chinoise\\\/#primaryimage\",\"url\":\"https:\\\/\\\/massage-energetique-beaujolais.fr\\\/wp-content\\\/uploads\\\/2024\\\/05\\\/reflexologie-edited-1-e1771934518731.jpg\",\"contentUrl\":\"https:\\\/\\\/massage-energetique-beaujolais.fr\\\/wp-content\\\/uploads\\\/2024\\\/05\\\/reflexologie-edited-1-e1771934518731.jpg\",\"width\":513,\"height\":301},{\"@type\":\"BreadcrumbList\",\"@id\":\"https:\\\/\\\/massage-energetique-beaujolais.fr\\\/index.php\\\/reflexologie-plantaire-chinoise\\\/#breadcrumb\",\"itemListElement\":[{\"@type\":\"ListItem\",\"position\":1,\"name\":\"Accueil\",\"item\":\"https:\\\/\\\/massage-energetique-beaujolais.fr\\\/\"},{\"@type\":\"ListItem\",\"position\":2,\"name\":\"R\u00e9flexologie plantaire\"}]},{\"@type\":\"WebSite\",\"@id\":\"https:\\\/\\\/massage-energetique-beaujolais.fr\\\/#website\",\"url\":\"https:\\\/\\\/massage-energetique-beaujolais.fr\\\/\",\"name\":\"Massage bien-\u00eatre et Energ\u00e9tique\",\"description\":\"Soins \u00e0 Villi\u00e9-Morgon en plein coeur du  Beaujolais, proche Belleville sur Sa\u00f4ne, Villefranche, M\u00e2con\",\"publisher\":{\"@id\":\"https:\\\/\\\/massage-energetique-beaujolais.fr\\\/#organization\"},\"potentialAction\":[{\"@type\":\"SearchAction\",\"target\":{\"@type\":\"EntryPoint\",\"urlTemplate\":\"https:\\\/\\\/massage-energetique-beaujolais.fr\\\/?s={search_term_string}\"},\"query-input\":{\"@type\":\"PropertyValueSpecification\",\"valueRequired\":true,\"valueName\":\"search_term_string\"}}],\"inLanguage\":\"fr-FR\"},{\"@type\":\"Organization\",\"@id\":\"https:\\\/\\\/massage-energetique-beaujolais.fr\\\/#organization\",\"name\":\"Massage bien-\u00eatre et Energ\u00e9tique\",\"url\":\"https:\\\/\\\/massage-energetique-beaujolais.fr\\\/\",\"logo\":{\"@type\":\"ImageObject\",\"inLanguage\":\"fr-FR\",\"@id\":\"https:\\\/\\\/massage-energetique-beaujolais.fr\\\/#\\\/schema\\\/logo\\\/image\\\/\",\"url\":\"https:\\\/\\\/massage-energetique-beaujolais.fr\\\/wp-content\\\/uploads\\\/2024\\\/03\\\/cropped-logo-NRGTic-100x100-1.png\",\"contentUrl\":\"https:\\\/\\\/massage-energetique-beaujolais.fr\\\/wp-content\\\/uploads\\\/2024\\\/03\\\/cropped-logo-NRGTic-100x100-1.png\",\"width\":89,\"height\":87,\"caption\":\"Massage bien-\u00eatre et Energ\u00e9tique\"},\"image\":{\"@id\":\"https:\\\/\\\/massage-energetique-beaujolais.fr\\\/#\\\/schema\\\/logo\\\/image\\\/\"}}]}<\/script>\n<!-- \/ Yoast SEO plugin. -->","yoast_head_json":{"title":"R\u00e9flexologie plantaire - Massage bien-\u00eatre et \u00c9nerg\u00e9tique","description":"R\u00e9duisez votre stress, am\u00e9liorez votre circulation sanguine et boostez votre immunit\u00e9 gr\u00e2ce \u00e0 la r\u00e9flexologie plantaire","robots":{"index":"index","follow":"follow","max-snippet":"max-snippet:-1","max-image-preview":"max-image-preview:large","max-video-preview":"max-video-preview:-1"},"canonical":"https:\/\/massage-energetique-beaujolais.fr\/index.php\/reflexologie-plantaire-chinoise\/","og_locale":"fr_FR","og_type":"article","og_title":"R\u00e9flexologie plantaire - Massage bien-\u00eatre et \u00c9nerg\u00e9tique","og_description":"R\u00e9duisez votre stress, am\u00e9liorez votre circulation sanguine et boostez votre immunit\u00e9 gr\u00e2ce \u00e0 la r\u00e9flexologie plantaire","og_url":"https:\/\/massage-energetique-beaujolais.fr\/index.php\/reflexologie-plantaire-chinoise\/","og_site_name":"Massage bien-\u00eatre et \u00c9nerg\u00e9tique","article_modified_time":"2026-02-24T12:02:03+00:00","og_image":[{"width":513,"height":301,"url":"https:\/\/massage-energetique-beaujolais.fr\/wp-content\/uploads\/2024\/05\/reflexologie-edited-1-e1771934518731.jpg","type":"image\/jpeg"}],"twitter_card":"summary_large_image","twitter_misc":{"Dur\u00e9e de lecture estim\u00e9e":"2 minutes"},"schema":{"@context":"https:\/\/schema.org","@graph":[{"@type":"WebPage","@id":"https:\/\/massage-energetique-beaujolais.fr\/index.php\/reflexologie-plantaire-chinoise\/","url":"https:\/\/massage-energetique-beaujolais.fr\/index.php\/reflexologie-plantaire-chinoise\/","name":"R\u00e9flexologie plantaire - Massage bien-\u00eatre et \u00c9nerg\u00e9tique","isPartOf":{"@id":"https:\/\/massage-energetique-beaujolais.fr\/#website"},"primaryImageOfPage":{"@id":"https:\/\/massage-energetique-beaujolais.fr\/index.php\/reflexologie-plantaire-chinoise\/#primaryimage"},"image":{"@id":"https:\/\/massage-energetique-beaujolais.fr\/index.php\/reflexologie-plantaire-chinoise\/#primaryimage"},"thumbnailUrl":"https:\/\/massage-energetique-beaujolais.fr\/wp-content\/uploads\/2024\/05\/reflexologie-edited-1-e1771934518731.jpg","datePublished":"2024-04-05T15:06:27+00:00","dateModified":"2026-02-24T12:02:03+00:00","description":"R\u00e9duisez votre stress, am\u00e9liorez votre circulation sanguine et boostez votre immunit\u00e9 gr\u00e2ce \u00e0 la r\u00e9flexologie plantaire","breadcrumb":{"@id":"https:\/\/massage-energetique-beaujolais.fr\/index.php\/reflexologie-plantaire-chinoise\/#breadcrumb"},"inLanguage":"fr-FR","potentialAction":[{"@type":"ReadAction","target":["https:\/\/massage-energetique-beaujolais.fr\/index.php\/reflexologie-plantaire-chinoise\/"]}]},{"@type":"ImageObject","inLanguage":"fr-FR","@id":"https:\/\/massage-energetique-beaujolais.fr\/index.php\/reflexologie-plantaire-chinoise\/#primaryimage","url":"https:\/\/massage-energetique-beaujolais.fr\/wp-content\/uploads\/2024\/05\/reflexologie-edited-1-e1771934518731.jpg","contentUrl":"https:\/\/massage-energetique-beaujolais.fr\/wp-content\/uploads\/2024\/05\/reflexologie-edited-1-e1771934518731.jpg","width":513,"height":301},{"@type":"BreadcrumbList","@id":"https:\/\/massage-energetique-beaujolais.fr\/index.php\/reflexologie-plantaire-chinoise\/#breadcrumb","itemListElement":[{"@type":"ListItem","position":1,"name":"Accueil","item":"https:\/\/massage-energetique-beaujolais.fr\/"},{"@type":"ListItem","position":2,"name":"R\u00e9flexologie plantaire"}]},{"@type":"WebSite","@id":"https:\/\/massage-energetique-beaujolais.fr\/#website","url":"https:\/\/massage-energetique-beaujolais.fr\/","name":"Massage bien-\u00eatre et Energ\u00e9tique","description":"Soins \u00e0 Villi\u00e9-Morgon en plein coeur du  Beaujolais, proche Belleville sur Sa\u00f4ne, Villefranche, M\u00e2con","publisher":{"@id":"https:\/\/massage-energetique-beaujolais.fr\/#organization"},"potentialAction":[{"@type":"SearchAction","target":{"@type":"EntryPoint","urlTemplate":"https:\/\/massage-energetique-beaujolais.fr\/?s={search_term_string}"},"query-input":{"@type":"PropertyValueSpecification","valueRequired":true,"valueName":"search_term_string"}}],"inLanguage":"fr-FR"},{"@type":"Organization","@id":"https:\/\/massage-energetique-beaujolais.fr\/#organization","name":"Massage bien-\u00eatre et Energ\u00e9tique","url":"https:\/\/massage-energetique-beaujolais.fr\/","logo":{"@type":"ImageObject","inLanguage":"fr-FR","@id":"https:\/\/massage-energetique-beaujolais.fr\/#\/schema\/logo\/image\/","url":"https:\/\/massage-energetique-beaujolais.fr\/wp-content\/uploads\/2024\/03\/cropped-logo-NRGTic-100x100-1.png","contentUrl":"https:\/\/massage-energetique-beaujolais.fr\/wp-content\/uploads\/2024\/03\/cropped-logo-NRGTic-100x100-1.png","width":89,"height":87,"caption":"Massage bien-\u00eatre et Energ\u00e9tique"},"image":{"@id":"https:\/\/massage-energetique-beaujolais.fr\/#\/schema\/logo\/image\/"}}]}},"_links":{"self":[{"href":"https:\/\/massage-energetique-beaujolais.fr\/index.php\/wp-json\/wp\/v2\/pages\/91","targetHints":{"allow":["GET"]}}],"collection":[{"href":"https:\/\/massage-energetique-beaujolais.fr\/index.php\/wp-json\/wp\/v2\/pages"}],"about":[{"href":"https:\/\/massage-energetique-beaujolais.fr\/index.php\/wp-json\/wp\/v2\/types\/page"}],"author":[{"embeddable":true,"href":"https:\/\/massage-energetique-beaujolais.fr\/index.php\/wp-json\/wp\/v2\/users\/1"}],"replies":[{"embeddable":true,"href":"https:\/\/massage-energetique-beaujolais.fr\/index.php\/wp-json\/wp\/v2\/comments?post=91"}],"version-history":[{"count":38,"href":"https:\/\/massage-energetique-beaujolais.fr\/index.php\/wp-json\/wp\/v2\/pages\/91\/revisions"}],"predecessor-version":[{"id":597,"href":"https:\/\/massage-energetique-beaujolais.fr\/index.php\/wp-json\/wp\/v2\/pages\/91\/revisions\/597"}],"wp:featuredmedia":[{"embeddable":true,"href":"https:\/\/massage-energetique-beaujolais.fr\/index.php\/wp-json\/wp\/v2\/media\/481"}],"wp:attachment":[{"href":"https:\/\/massage-energetique-beaujolais.fr\/index.php\/wp-json\/wp\/v2\/media?parent=91"}],"curies":[{"name":"wp","href":"https:\/\/api.w.org\/{rel}","templated":true}]}}